{"id":6444,"date":"2019-05-28T06:36:43","date_gmt":"2019-05-28T06:36:43","guid":{"rendered":"https:\/\/jonqueresdoriola.fr\/terms-of-use"},"modified":"2025-01-15T10:03:01","modified_gmt":"2025-01-15T10:03:01","slug":"terms-of-use","status":"publish","type":"page","link":"https:\/\/jonqueresdoriola.fr\/en\/terms-of-use","title":{"rendered":"Terms of use"},"content":{"rendered":"\t\t<div data-elementor-type=\"wp-page\" data-elementor-id=\"6444\" class=\"elementor elementor-6444 elementor-623\">\n\t\t\t\t\t\t<section class=\"elementor-section elementor-top-section elementor-element elementor-element-3a62690 elementor-section-boxed elementor-section-height-default elementor-section-height-default\" data-id=\"3a62690\" data-element_type=\"section\" data-e-type=\"section\">\n\t\t\t\t\t\t<div class=\"elementor-container elementor-column-gap-default\">\n\t\t\t\t\t<div class=\"elementor-column elementor-col-100 elementor-top-column elementor-element elementor-element-13c65e0\" data-id=\"13c65e0\" data-element_type=\"column\" data-e-type=\"column\">\n\t\t\t<div class=\"elementor-column-wrap--13c65e0 elementor-widget-wrap elementor-element-populated\">\n\t\t\t\t\t\t<div class=\"elementor-element elementor-element-57c1b12 elementor-widget elementor-widget-heading\" data-id=\"57c1b12\" data-element_type=\"widget\" data-e-type=\"widget\" data-widget_type=\"heading.default\">\n\t\t\t\t<div class=\"elementor-widget-container\">\n\t\t\t\t\t<h1 class=\"elementor-heading-title elementor-size-default\">Terms of use<\/h1>\t\t\t\t<\/div>\n\t\t\t\t<\/div>\n\t\t\t\t<div class=\"elementor-element elementor-element-4311bff elementor-widget elementor-widget-text-editor\" data-id=\"4311bff\" data-element_type=\"widget\" data-e-type=\"widget\" data-widget_type=\"text-editor.default\">\n\t\t\t\t<div class=\"elementor-widget-container\">\n\t\t\t\t\t\t\t\t\t<p>PHOTO &amp; VIDEO CREDITS Photo credits :<\/p>\n<p>\u00a9 Meryl Estragnat, \u00a9 Warpedgalerie, \u00a9 Phil_Good, \u00a9 Cathia Ruff, \u00a9 Unclesam, \u00a9 davidboixo, \u00a9 Marco Martins, \u00a9 Theastock, \u00a9 karaidel, \u00a9 Rostislav Sedlacek, \u00a9 Angelov, \u00a9 luckybusiness, \u00a9 \u0422\u0438\u043c\u0443\u0440 \u041a\u043e\u043d\u0435\u0432, barmalini, \u00a9 Elodie, \u00a9 Ievgenii Meyer, \u00a9 Ivan Zabrodski, \u00a9 Jose Ignacio Soto, \u00a9 El\u00e9onore H, \u00a9 agaitsgori, \u00a9 Iaroslava Zolotko, \u00a9 WavebreakMediaMicro, \u00a9 Gerald Villena, \u00a9 SPIX PRODUCTION<\/p>\n<p>Video credits :<\/p>\n<p>Meryl Estragnat<\/p>\n<p>LEGAL NOTICE <a class=\"waffle-rich-text-link\" href=\"http:\/\/jonqueresdoriola.fr\/\">jonqueresdoriola.fr\/<\/a><\/p>\n<p>Site edited by :<\/p>\n<p>SAS Jonqu\u00e8res d&#8217;Oriola Vignobles<br \/>3 rue du ch\u00e2teau, 66200 Corneilla del Vercol<br \/>T\u00e9l : +33 (0) 4 68 22 73 22<br \/>N\u00b0 TVA : FR34 800 141 723<br \/>RCS : 800 141 723<br \/>Share capital : 1000 euros<br \/>Legal form : Union de coop\u00e9ratives agricoles &#8211; Agr\u00e9ment N 1554<br \/>Publishing Director: William Jonqu\u00e8res d&#8217;Oriola<br \/>For all questions relating to the site, please visit https:\/\/www.jonqueresdoriola.fr\/contact us<\/p>\n<p><strong>Web agency<\/strong>: <a href=\"http:\/\/ahora-studio.com\/\">AHORA STUDIO<\/a> Soci\u00e9t\u00e9 par actions simplifi\u00e9e, with a share capital of 5,000 euros, registered SIRET 82382582300045, headquartered at 31 bis chemin du mas donat &#8211; 66000 Perpignan &#8211; France<\/p>\n<p><strong>Hosting<\/strong>: This Site (hereinafter defined) is hosted by OVH, a soci\u00e9t\u00e9 par actions simplifi\u00e9e (simplified joint stock company) with a single shareholder and share capital of \u20ac10,174,560, registered in the Lille M\u00e9tropole Trade and Companies Register under number 424 761 419, whose registered office is located at 2 rue Kellermann &#8211; 59100 Roubaix. Tel: +33 (0)9 72 10 10 07 These disclaimers govern the browsing of the www.jonqueresdoriola.fr website (hereinafter referred to as &#8220;the Site&#8221; or &#8220;the Site(s)&#8221;) by any Internet user connecting to the Sites (hereinafter referred to as &#8220;the User&#8221; or &#8220;you&#8221;). By using the Sites, the Internet user acknowledges that he\/she has read and accepted without reservation the present General Conditions of Use (hereinafter referred to as the &#8220;GCU&#8221;).<\/p>\n\t\t\t\t\t\t\t\t<\/div>\n\t\t\t\t<\/div>\n\t\t\t\t\t<\/div>\n\t\t<\/div>\n\t\t\t\t\t<\/div>\n\t\t<\/section>\n\t\t\t\t<\/div>\n\t\t","protected":false},"excerpt":{"rendered":"<p>Terms of use PHOTO &amp; VIDEO CREDITS Photo credits : \u00a9 Meryl Estragnat, \u00a9 Warpedgalerie, \u00a9 Phil_Good, \u00a9 Cathia Ruff, \u00a9 Unclesam, \u00a9 davidboixo, \u00a9 Marco Martins, \u00a9 Theastock, \u00a9 karaidel, \u00a9 Rostislav Sedlacek, \u00a9 Angelov, \u00a9 luckybusiness, \u00a9 \u0422\u0438\u043c\u0443\u0440 \u041a\u043e\u043d\u0435\u0432, barmalini, \u00a9 Elodie, \u00a9 Ievgenii Meyer, \u00a9 Ivan Zabrodski, \u00a9 Jose Ignacio Soto, \u00a9 [&hellip;]<\/p>\n","protected":false},"author":1,"featured_media":0,"parent":0,"menu_order":0,"comment_status":"closed","ping_status":"closed","template":"template-compact.php","meta":{"_acf_changed":false,"footnotes":""},"class_list":["post-6444","page","type-page","status-publish","hentry"],"aioseo_notices":[],"acf":[],"_links":{"self":[{"href":"https:\/\/jonqueresdoriola.fr\/en\/wp-json\/wp\/v2\/pages\/6444","targetHints":{"allow":["GET"]}}],"collection":[{"href":"https:\/\/jonqueresdoriola.fr\/en\/wp-json\/wp\/v2\/pages"}],"about":[{"href":"https:\/\/jonqueresdoriola.fr\/en\/wp-json\/wp\/v2\/types\/page"}],"author":[{"embeddable":true,"href":"https:\/\/jonqueresdoriola.fr\/en\/wp-json\/wp\/v2\/users\/1"}],"replies":[{"embeddable":true,"href":"https:\/\/jonqueresdoriola.fr\/en\/wp-json\/wp\/v2\/comments?post=6444"}],"version-history":[{"count":1,"href":"https:\/\/jonqueresdoriola.fr\/en\/wp-json\/wp\/v2\/pages\/6444\/revisions"}],"predecessor-version":[{"id":6445,"href":"https:\/\/jonqueresdoriola.fr\/en\/wp-json\/wp\/v2\/pages\/6444\/revisions\/6445"}],"wp:attachment":[{"href":"https:\/\/jonqueresdoriola.fr\/en\/wp-json\/wp\/v2\/media?parent=6444"}],"curies":[{"name":"wp","href":"https:\/\/api.w.org\/{rel}","templated":true}]}}