{"id":6446,"date":"2021-02-05T08:07:02","date_gmt":"2021-02-05T08:07:02","guid":{"rendered":"https:\/\/jonqueresdoriola.fr\/history"},"modified":"2025-01-15T10:03:02","modified_gmt":"2025-01-15T10:03:02","slug":"history","status":"publish","type":"page","link":"https:\/\/jonqueresdoriola.fr\/en\/history","title":{"rendered":"History"},"content":{"rendered":"\t\t<div data-elementor-type=\"wp-page\" data-elementor-id=\"6446\" class=\"elementor elementor-6446 elementor-878\">\n\t\t\t\t\t\t<section class=\"elementor-section elementor-top-section elementor-element elementor-element-3a2c69c elementor-section-full_width elementor-section-height-default elementor-section-height-default\" data-id=\"3a2c69c\" data-element_type=\"section\" data-e-type=\"section\">\n\t\t\t\t\t\t<div class=\"elementor-container elementor-column-gap-no\">\n\t\t\t\t\t<div class=\"elementor-column elementor-col-50 elementor-top-column elementor-element elementor-element-de520f6 rey-colbg--classic\" data-id=\"de520f6\" data-element_type=\"column\" data-e-type=\"column\" data-settings=\"{&quot;background_background&quot;:&quot;classic&quot;}\">\n\t\t\t<div class=\"elementor-column-wrap--de520f6 elementor-widget-wrap elementor-element-populated\">\n\t\t\t\t\t\t<div class=\"elementor-element elementor-element-7530fba elementor-widget elementor-widget-image\" data-id=\"7530fba\" data-element_type=\"widget\" data-e-type=\"widget\" data-widget_type=\"image.default\">\n\t\t\t\t<div class=\"elementor-widget-container\">\n\t\t\t\t\t\t\t\t\t\t\t\t\t\t\t<img fetchpriority=\"high\" decoding=\"async\" width=\"1024\" height=\"685\" src=\"https:\/\/jonqueresdoriola.fr\/wp-content\/uploads\/2021\/02\/William-Jonque\u0300res-dOriola-1024x685.jpg\" class=\"attachment-large size-large wp-image-6001\" alt=\"\" srcset=\"https:\/\/jonqueresdoriola.fr\/wp-content\/uploads\/2021\/02\/William-Jonque\u0300res-dOriola-1024x685.jpg 1024w, https:\/\/jonqueresdoriola.fr\/wp-content\/uploads\/2021\/02\/William-Jonque\u0300res-dOriola-600x401.jpg 600w, https:\/\/jonqueresdoriola.fr\/wp-content\/uploads\/2021\/02\/William-Jonque\u0300res-dOriola-400x267.jpg 400w, https:\/\/jonqueresdoriola.fr\/wp-content\/uploads\/2021\/02\/William-Jonque\u0300res-dOriola-150x100.jpg 150w, https:\/\/jonqueresdoriola.fr\/wp-content\/uploads\/2021\/02\/William-Jonque\u0300res-dOriola-768x514.jpg 768w, https:\/\/jonqueresdoriola.fr\/wp-content\/uploads\/2021\/02\/William-Jonque\u0300res-dOriola-280x187.jpg 280w, https:\/\/jonqueresdoriola.fr\/wp-content\/uploads\/2021\/02\/William-Jonque\u0300res-dOriola.jpg 1316w\" sizes=\"(max-width: 1024px) 100vw, 1024px\" \/>\t\t\t\t\t\t\t\t\t\t\t\t\t\t\t<\/div>\n\t\t\t\t<\/div>\n\t\t\t\t\t<\/div>\n\t\t<\/div>\n\t\t\t\t<div class=\"elementor-column elementor-col-50 elementor-top-column elementor-element elementor-element-b6a5a2f rey-colbg--classic\" data-id=\"b6a5a2f\" data-element_type=\"column\" data-e-type=\"column\" data-settings=\"{&quot;background_background&quot;:&quot;classic&quot;}\">\n\t\t\t<div class=\"elementor-column-wrap--b6a5a2f elementor-widget-wrap elementor-element-populated\">\n\t\t\t\t\t\t<div class=\"elementor-element elementor-element-9fc68ea elementor-widget elementor-widget-heading\" data-id=\"9fc68ea\" data-element_type=\"widget\" data-e-type=\"widget\" data-widget_type=\"heading.default\">\n\t\t\t\t<div class=\"elementor-widget-container\">\n\t\t\t\t\t<span class=\"elementor-heading-title elementor-size-small\">JONQUERES D'ORIOLA VINEYARDS<\/span>\t\t\t\t<\/div>\n\t\t\t\t<\/div>\n\t\t\t\t<div class=\"elementor-element elementor-element-664d56b elementor-widget elementor-widget-heading\" data-id=\"664d56b\" data-element_type=\"widget\" data-e-type=\"widget\" data-widget_type=\"heading.default\">\n\t\t\t\t<div class=\"elementor-widget-container\">\n\t\t\t\t\t<h1 class=\"elementor-heading-title elementor-size-small\">Our history<\/h1>\t\t\t\t<\/div>\n\t\t\t\t<\/div>\n\t\t\t\t<div class=\"elementor-element elementor-element-9f15dec elementor-widget elementor-widget-text-editor\" data-id=\"9f15dec\" data-element_type=\"widget\" data-e-type=\"widget\" data-widget_type=\"text-editor.default\">\n\t\t\t\t<div class=\"elementor-widget-container\">\n\t\t\t\t\t\t\t\t\t<p>Since 1485, the Jonqu\u00e8res d&#8217;Oriola family, whose history is closely linked to the vine and the equestrian world, has been passed down through many generations. Several Olympic and World Champion titles in equestrianism and fencing have made this Catalan family a household name. After 10 years with his father Philippe, William Jonqu\u00e8res d&#8217;Oriola took over the reins of Ch\u00e2teau de Corneilla, the family&#8217;s anchor.<\/p>\n\t\t\t\t\t\t\t\t<\/div>\n\t\t\t\t<\/div>\n\t\t\t\t\t<\/div>\n\t\t<\/div>\n\t\t\t\t\t<\/div>\n\t\t<\/section>\n\t\t\t\t<section class=\"elementor-section elementor-top-section elementor-element elementor-element-f036d1e elementor-section-boxed elementor-section-height-default elementor-section-height-default\" data-id=\"f036d1e\" data-element_type=\"section\" data-e-type=\"section\">\n\t\t\t\t\t\t<div class=\"elementor-container elementor-column-gap-no\">\n\t\t\t\t\t<div class=\"elementor-column elementor-col-50 elementor-top-column elementor-element elementor-element-320a08a rey-colbg--classic --zindexed-1\" data-id=\"320a08a\" data-element_type=\"column\" data-e-type=\"column\" data-settings=\"{&quot;background_background&quot;:&quot;classic&quot;}\">\n\t\t\t<div class=\"elementor-column-wrap--320a08a elementor-widget-wrap elementor-element-populated\">\n\t\t\t\t\t\t<div class=\"elementor-element elementor-element-4885435 elementor-widget elementor-widget-heading\" data-id=\"4885435\" data-element_type=\"widget\" data-e-type=\"widget\" data-widget_type=\"heading.default\">\n\t\t\t\t<div class=\"elementor-widget-container\">\n\t\t\t\t\t<div class=\"elementor-heading-title elementor-size-small\">\"Our family philosophy is to sublimate our terroir through each vintage.\n<\/div>\t\t\t\t<\/div>\n\t\t\t\t<\/div>\n\t\t\t\t\t<\/div>\n\t\t<\/div>\n\t\t\t\t<div class=\"elementor-column elementor-col-50 elementor-top-column elementor-element elementor-element-f51a661\" data-id=\"f51a661\" data-element_type=\"column\" data-e-type=\"column\">\n\t\t\t<div class=\"elementor-column-wrap--f51a661 elementor-widget-wrap\">\n\t\t\t\t\t\t\t<\/div>\n\t\t<\/div>\n\t\t\t\t\t<\/div>\n\t\t<\/section>\n\t\t\t\t<section class=\"elementor-section elementor-top-section elementor-element elementor-element-17eed99 elementor-section-full_width elementor-section-height-min-height rey-section-bg--classic rey-sectionScroll rey-sectionScroll--clip-out elementor-section-height-default elementor-section-items-middle\" data-id=\"17eed99\" data-element_type=\"section\" data-e-type=\"section\" data-settings=\"{&quot;background_background&quot;:&quot;classic&quot;,&quot;rey_clip_threshold&quot;:&quot;0.7&quot;}\">\n\t\t\t\t\t\t<div class=\"elementor-container elementor-column-gap-default\">\n\t\t\t\t\t<div class=\"elementor-column elementor-col-100 elementor-top-column elementor-element elementor-element-e4a2808\" data-id=\"e4a2808\" data-element_type=\"column\" data-e-type=\"column\">\n\t\t\t<div class=\"elementor-column-wrap--e4a2808 elementor-widget-wrap\">\n\t\t\t\t\t\t\t<\/div>\n\t\t<\/div>\n\t\t\t\t\t<\/div>\n\t\t<\/section>\n\t\t\t\t<section class=\"elementor-section elementor-top-section elementor-element elementor-element-4e4ba7b elementor-section-boxed elementor-section-height-default elementor-section-height-default\" data-id=\"4e4ba7b\" data-element_type=\"section\" data-e-type=\"section\">\n\t\t\t\t\t\t<div class=\"elementor-container elementor-column-gap-default\">\n\t\t\t\t\t<div class=\"elementor-column elementor-col-50 elementor-top-column elementor-element elementor-element-2c2ed7c\" data-id=\"2c2ed7c\" data-element_type=\"column\" data-e-type=\"column\">\n\t\t\t<div class=\"elementor-column-wrap--2c2ed7c elementor-widget-wrap elementor-element-populated\">\n\t\t\t\t\t\t<div class=\"elementor-element elementor-element-1896c97 elementor-arrows-position-inside elementor-widget elementor-widget-image-carousel\" data-id=\"1896c97\" data-element_type=\"widget\" data-e-type=\"widget\" data-settings=\"{&quot;slides_to_show&quot;:&quot;1&quot;,&quot;navigation&quot;:&quot;arrows&quot;,&quot;autoplay&quot;:&quot;yes&quot;,&quot;pause_on_hover&quot;:&quot;yes&quot;,&quot;pause_on_interaction&quot;:&quot;yes&quot;,&quot;autoplay_speed&quot;:5000,&quot;infinite&quot;:&quot;yes&quot;,&quot;effect&quot;:&quot;slide&quot;,&quot;speed&quot;:500}\" data-widget_type=\"image-carousel.default\">\n\t\t\t\t<div class=\"elementor-widget-container\">\n\t\t\t\t\t\t\t<div data-carousel-id=\"#carousel-60b605413dd17\" class=\"elementor-image-carousel-wrapper swiper\" role=\"region\" aria-roledescription=\"carousel\" aria-label=\"Image Carousel\" dir=\"ltr\">\n\t\t\t<div class=\"elementor-image-carousel swiper-wrapper\" aria-live=\"off\">\n\t\t\t\t\t\t\t\t<div class=\"swiper-slide\" role=\"group\" aria-roledescription=\"slide\" aria-label=\"1 of 1\"><figure class=\"swiper-slide-inner\"><img decoding=\"async\" class=\"swiper-slide-image\" src=\"https:\/\/jonqueresdoriola.fr\/wp-content\/uploads\/Capture-decran-2021-06-01-a-12.00.27-copy-4.jpg\" alt=\"Capture d\u2019\u00e9cran 2021-06-01 \u00e0 12.00.27 copy 4\" \/><\/figure><\/div>\t\t\t<\/div>\n\t\t\t\t\t<\/div>\n\t\t\t\t\t\t<\/div>\n\t\t\t\t<\/div>\n\t\t\t\t\t<\/div>\n\t\t<\/div>\n\t\t\t\t<div class=\"elementor-column elementor-col-50 elementor-top-column elementor-element elementor-element-af78552\" data-id=\"af78552\" data-element_type=\"column\" data-e-type=\"column\">\n\t\t\t<div class=\"elementor-column-wrap--af78552 elementor-widget-wrap elementor-element-populated\">\n\t\t\t\t\t\t<div class=\"elementor-element elementor-element-3c1529d elementor-widget elementor-widget-text-editor\" data-id=\"3c1529d\" data-element_type=\"widget\" data-e-type=\"widget\" data-widget_type=\"text-editor.default\">\n\t\t\t\t<div class=\"elementor-widget-container\">\n\t\t\t\t\t\t\t\t\t<p style=\"margin-top: 0cm;background: white\"><span style=\"font-size: 10pt;font-family: Helvetica;color: #707070;letter-spacing: 0.45pt\">A love of horses and a sense of challenge are also an integral part of the Jonqu\u00e8res d&#8217;Oriola family. His name is recognized in the world of equestrian sports thanks to the exploits of Joseph Jonqu\u00e8res d&#8217;Oriola (William&#8217;s great-grandfather), world champion in the 1920s, Christophe Jonqu\u00e8res d&#8217;Oriola (his grandfather), several times French and European champion, and Pierre Jonqu\u00e8res d&#8217;Oriola, (his great-uncle), several times gold medallist at the Olympic Games (Helsinki 1952 and Tokyo 1964) and at the World Jumping Championships (Buenos Aires 1966).<\/span><\/p>\n<p style=\"margin-top: 0cm;background: white\"><span style=\"font-size: 10pt;font-family: Helvetica;color: #707070;letter-spacing: 0.45pt\">In addition to his passion for wine, William Jonqu\u00e8res d&#8217;Oriola inherited his parents&#8217; love of travel. Indeed, following a world tour undertaken 38 years after his father, William Jonqu\u00e8res d&#8217;Oriola drew his inspiration from the greatest vineyards of France and elsewhere, equipping himself with the latest winemaking techniques and combining them, with respect for tradition, with his own heritage.<\/span><\/p>\n\t\t\t\t\t\t\t\t<\/div>\n\t\t\t\t<\/div>\n\t\t\t\t<div class=\"elementor-element elementor-element-af79de9 elementor-button-underline-2 elementor-widget-mobile__width-inherit elementor-mobile-align-center elementor-align-left elementor-widget elementor-widget-button\" data-id=\"af79de9\" data-element_type=\"widget\" data-e-type=\"widget\" data-widget_type=\"button.default\">\n\t\t\t\t<div class=\"elementor-widget-container\">\n\t\t\t\t\t\t\t\t\t<div class=\"elementor-button-wrapper\">\n\t\t\t\t\t<a class=\"elementor-button elementor-button-link elementor-size-sm\" href=\"\/nos-vins\">\n\t\t\t\t\t\t<span class=\"elementor-button-content-wrapper\">\n\t\t\t\t\t\t\t\t\t<span class=\"elementor-button-text\">discover our wines<\/span>\n\t\t\t\t\t<\/span>\n\t\t\t\t\t<\/a>\n\t\t\t\t<\/div>\n\t\t\t\t\t\t\t\t<\/div>\n\t\t\t\t<\/div>\n\t\t\t\t\t<\/div>\n\t\t<\/div>\n\t\t\t\t\t<\/div>\n\t\t<\/section>\n\t\t\t\t<section class=\"elementor-section elementor-top-section elementor-element elementor-element-adc90c0 rey-section-stretched elementor-section-height-min-height rey-section-bg--classic elementor-section-boxed elementor-section-height-default elementor-section-items-middle\" data-id=\"adc90c0\" data-element_type=\"section\" data-e-type=\"section\" data-settings=\"{&quot;background_background&quot;:&quot;classic&quot;}\">\n\t\t\t\t\t\t\t<div class=\"elementor-background-overlay\"><\/div>\n\t\t\t\t\t\t\t<div class=\"elementor-container elementor-column-gap-default\">\n\t\t\t\t\t<div class=\"elementor-column elementor-col-100 elementor-top-column elementor-element elementor-element-7bb9f94\" data-id=\"7bb9f94\" data-element_type=\"column\" data-e-type=\"column\">\n\t\t\t<div class=\"elementor-column-wrap--7bb9f94 elementor-widget-wrap elementor-element-populated\">\n\t\t\t\t\t\t<div class=\"elementor-element elementor-element-c885cc2 elementor-widget elementor-widget-heading\" data-id=\"c885cc2\" data-element_type=\"widget\" data-e-type=\"widget\" data-widget_type=\"heading.default\">\n\t\t\t\t<div class=\"elementor-widget-container\">\n\t\t\t\t\t<span class=\"elementor-heading-title elementor-size-small\">our commitment<\/span>\t\t\t\t<\/div>\n\t\t\t\t<\/div>\n\t\t\t\t<div class=\"elementor-element elementor-element-14c2cba elementor-widget elementor-widget-heading\" data-id=\"14c2cba\" data-element_type=\"widget\" data-e-type=\"widget\" data-widget_type=\"heading.default\">\n\t\t\t\t<div class=\"elementor-widget-container\">\n\t\t\t\t\t<h2 class=\"elementor-heading-title elementor-size-small\">Modernity &amp; Creativity<\/h2>\t\t\t\t<\/div>\n\t\t\t\t<\/div>\n\t\t\t\t<div class=\"elementor-element elementor-element-1a6a74c elementor-widget elementor-widget-text-editor\" data-id=\"1a6a74c\" data-element_type=\"widget\" data-e-type=\"widget\" data-widget_type=\"text-editor.default\">\n\t\t\t\t<div class=\"elementor-widget-container\">\n\t\t\t\t\t\t\t\t\t<p>Today, this constant tradition of perfectionism is reflected in wines that have won awards in the most prestigious national and international competitions, and that are constantly raised to the highest level.<\/p>\n\t\t\t\t\t\t\t\t<\/div>\n\t\t\t\t<\/div>\n\t\t\t\t\t<\/div>\n\t\t<\/div>\n\t\t\t\t\t<\/div>\n\t\t<\/section>\n\t\t\t\t<section class=\"elementor-section elementor-top-section elementor-element elementor-element-9089c9f elementor-section-full_width elementor-section-height-default elementor-section-height-default\" data-id=\"9089c9f\" data-element_type=\"section\" data-e-type=\"section\">\n\t\t\t\t\t\t<div class=\"elementor-container elementor-column-gap-no\">\n\t\t\t\t\t<div class=\"elementor-column elementor-col-50 elementor-top-column elementor-element elementor-element-b379441 rey-colbg--classic\" data-id=\"b379441\" data-element_type=\"column\" data-e-type=\"column\" data-settings=\"{&quot;background_background&quot;:&quot;classic&quot;}\">\n\t\t\t<div class=\"elementor-column-wrap--b379441 elementor-widget-wrap elementor-element-populated\">\n\t\t\t\t\t\t<div class=\"elementor-element elementor-element-8f86b1c elementor-widget elementor-widget-heading\" data-id=\"8f86b1c\" data-element_type=\"widget\" data-e-type=\"widget\" data-widget_type=\"heading.default\">\n\t\t\t\t<div class=\"elementor-widget-container\">\n\t\t\t\t\t<h3 class=\"elementor-heading-title elementor-size-small\">A UNIQUE TERROIR<\/h3>\t\t\t\t<\/div>\n\t\t\t\t<\/div>\n\t\t\t\t<div class=\"elementor-element elementor-element-0fb4ae6 elementor-widget elementor-widget-text-editor\" data-id=\"0fb4ae6\" data-element_type=\"widget\" data-e-type=\"widget\" data-widget_type=\"text-editor.default\">\n\t\t\t\t<div class=\"elementor-widget-container\">\n\t\t\t\t\t\t\t\t\t<p>The estate&#8217;s modernity and creativity are also expressed in the original cuv\u00e9es that have enriched the cellar in recent years. In 2013, some of the harvested grapes were shipped to England to enable the first wine to be made in the heart of London in a former gin distillery. In 2018, the Elevage en mer\/Elevage sur terre cuv\u00e9e completed a multi-month round-the-world boat trip to offer a comparative tasting experience. In 2021, the Altitude cuv\u00e9e, matured in extreme conditions at 1800m altitude, provided an interesting oenological experiment.<\/p>\n\t\t\t\t\t\t\t\t<\/div>\n\t\t\t\t<\/div>\n\t\t\t\t\t<\/div>\n\t\t<\/div>\n\t\t\t\t<div class=\"elementor-column elementor-col-50 elementor-top-column elementor-element elementor-element-439c624 rey-colbg--classic\" data-id=\"439c624\" data-element_type=\"column\" data-e-type=\"column\" data-settings=\"{&quot;background_background&quot;:&quot;classic&quot;}\">\n\t\t\t<div class=\"elementor-column-wrap--439c624 elementor-widget-wrap elementor-element-populated\">\n\t\t\t\t\t\t<div class=\"elementor-element elementor-element-fd13716 elementor-pagination-position-outside elementor-widget elementor-widget-image-carousel\" data-id=\"fd13716\" data-element_type=\"widget\" data-e-type=\"widget\" data-settings=\"{&quot;slides_to_show&quot;:&quot;1&quot;,&quot;navigation&quot;:&quot;dots&quot;,&quot;autoplay&quot;:&quot;yes&quot;,&quot;pause_on_hover&quot;:&quot;yes&quot;,&quot;pause_on_interaction&quot;:&quot;yes&quot;,&quot;autoplay_speed&quot;:5000,&quot;infinite&quot;:&quot;yes&quot;,&quot;effect&quot;:&quot;slide&quot;,&quot;speed&quot;:500}\" data-widget_type=\"image-carousel.default\">\n\t\t\t\t<div class=\"elementor-widget-container\">\n\t\t\t\t\t\t\t<div data-carousel-id=\"#carousel-602bcf57c3a64\" class=\"elementor-image-carousel-wrapper swiper\" role=\"region\" aria-roledescription=\"carousel\" aria-label=\"Image Carousel\" dir=\"ltr\">\n\t\t\t<div class=\"elementor-image-carousel swiper-wrapper\" aria-live=\"off\">\n\t\t\t\t\t\t\t\t<div class=\"swiper-slide\" role=\"group\" aria-roledescription=\"slide\" aria-label=\"1 of 2\"><figure class=\"swiper-slide-inner\"><img decoding=\"async\" class=\"swiper-slide-image\" src=\"https:\/\/jonqueresdoriola.fr\/wp-content\/uploads\/Layer-0-850x810.jpg\" alt=\"Layer 0\" \/><\/figure><\/div><div class=\"swiper-slide\" role=\"group\" aria-roledescription=\"slide\" aria-label=\"2 of 2\"><figure class=\"swiper-slide-inner\"><img decoding=\"async\" class=\"swiper-slide-image\" src=\"https:\/\/jonqueresdoriola.fr\/wp-content\/uploads\/Une-bouteille-a-la-mer-une-bouteille-en-cave-850x810.png\" alt=\"Une bouteille \u00e0 la mer une bouteille en cave\" \/><\/figure><\/div>\t\t\t<\/div>\n\t\t\t\t\t\t\t\n\t\t\t\t\t\t\t\t\t<div class=\"swiper-pagination\"><\/div>\n\t\t\t\t\t\t\t\t\t<\/div>\n\t\t\t\t\t\t<\/div>\n\t\t\t\t<\/div>\n\t\t\t\t\t<\/div>\n\t\t<\/div>\n\t\t\t\t\t<\/div>\n\t\t<\/section>\n\t\t\t\t<\/div>\n\t\t","protected":false},"excerpt":{"rendered":"<p>JONQUERES D&#8217;ORIOLA VINEYARDS Our history Since 1485, the Jonqu\u00e8res d&#8217;Oriola family, whose history is closely linked to the vine and the equestrian world, has been passed down through many generations. Several Olympic and World Champion titles in equestrianism and fencing have made this Catalan family a household name. After 10 years with his father Philippe, [&hellip;]<\/p>\n","protected":false},"author":1,"featured_media":0,"parent":0,"menu_order":0,"comment_status":"closed","ping_status":"closed","template":"","meta":{"_acf_changed":false,"footnotes":""},"class_list":["post-6446","page","type-page","status-publish","hentry"],"aioseo_notices":[],"acf":[],"_links":{"self":[{"href":"https:\/\/jonqueresdoriola.fr\/en\/wp-json\/wp\/v2\/pages\/6446","targetHints":{"allow":["GET"]}}],"collection":[{"href":"https:\/\/jonqueresdoriola.fr\/en\/wp-json\/wp\/v2\/pages"}],"about":[{"href":"https:\/\/jonqueresdoriola.fr\/en\/wp-json\/wp\/v2\/types\/page"}],"author":[{"embeddable":true,"href":"https:\/\/jonqueresdoriola.fr\/en\/wp-json\/wp\/v2\/users\/1"}],"replies":[{"embeddable":true,"href":"https:\/\/jonqueresdoriola.fr\/en\/wp-json\/wp\/v2\/comments?post=6446"}],"version-history":[{"count":1,"href":"https:\/\/jonqueresdoriola.fr\/en\/wp-json\/wp\/v2\/pages\/6446\/revisions"}],"predecessor-version":[{"id":6447,"href":"https:\/\/jonqueresdoriola.fr\/en\/wp-json\/wp\/v2\/pages\/6446\/revisions\/6447"}],"wp:attachment":[{"href":"https:\/\/jonqueresdoriola.fr\/en\/wp-json\/wp\/v2\/media?parent=6446"}],"curies":[{"name":"wp","href":"https:\/\/api.w.org\/{rel}","templated":true}]}}