{"id":6501,"date":"2021-12-02T10:58:47","date_gmt":"2021-12-02T10:58:47","guid":{"rendered":"https:\/\/jonqueresdoriola.fr\/produit\/icon"},"modified":"2026-02-16T16:46:54","modified_gmt":"2026-02-16T16:46:54","slug":"icon","status":"publish","type":"product","link":"https:\/\/jonqueresdoriola.fr\/en\/produit\/icon","title":{"rendered":"Icon"},"content":{"rendered":"<p>Harvested by hand, cold pre-fermentation maceration, low-temperature fermentation.<\/p>\n<p>Vatted for 5 weeks, aged in French oak barrels<\/p>\n<p>Grenache Noir &#8211; Syrah &#8211; Mourv\u00e8dre<\/p>\n","protected":false},"excerpt":{"rendered":"<p>&#8220;Ic\u00f4ne is a red C\u00f4tes du Roussillon that brings together 3 grape varieties that are emblematic of the region: Syrah, Grenache and Mourv\u00e8dre.<br \/>\nThe various plots used are located in the Aspres area, 12km from the Mediterranean coast, on clayey-stony and decomposed granite soils.<br \/>\nThese vines benefit from cool nights and sunny days, enabling them to reach optimum ripeness and freshness. This wine is smooth and generous on the palate, with good body. The tannins are supple and refined, with good length.<\/p>\n","protected":false},"featured_media":6407,"template":"","meta":{"_acf_changed":false},"product_cat":[272,310],"product_tag":[274],"class_list":{"0":"post-6501","1":"product","2":"type-product","3":"status-publish","4":"has-post-thumbnail","6":"product_cat-corneilla-castle","7":"product_cat-icon","8":"product_tag-red","10":"first","11":"instock","12":"taxable","13":"shipping-taxable","14":"purchasable","15":"product-type-variable","16":"has-default-attributes"},"bundled_by":[],"bundle_stock_status":"instock","bundle_stock_quantity":null,"bundle_virtual":false,"bundle_layout":"","bundle_add_to_cart_form_location":"","bundle_editable_in_cart":false,"bundle_sold_individually_context":"","bundle_item_grouping":"","bundle_min_size":"","bundle_max_size":"","bundled_items":[],"bundle_sell_ids":[],"aioseo_notices":[],"acf":[],"_links":{"self":[{"href":"https:\/\/jonqueresdoriola.fr\/en\/wp-json\/wp\/v2\/product\/6501","targetHints":{"allow":["GET"]}}],"collection":[{"href":"https:\/\/jonqueresdoriola.fr\/en\/wp-json\/wp\/v2\/product"}],"about":[{"href":"https:\/\/jonqueresdoriola.fr\/en\/wp-json\/wp\/v2\/types\/product"}],"wp:featuredmedia":[{"embeddable":true,"href":"https:\/\/jonqueresdoriola.fr\/en\/wp-json\/wp\/v2\/media\/6407"}],"wp:attachment":[{"href":"https:\/\/jonqueresdoriola.fr\/en\/wp-json\/wp\/v2\/media?parent=6501"}],"wp:term":[{"taxonomy":"product_cat","embeddable":true,"href":"https:\/\/jonqueresdoriola.fr\/en\/wp-json\/wp\/v2\/product_cat?post=6501"},{"taxonomy":"product_tag","embeddable":true,"href":"https:\/\/jonqueresdoriola.fr\/en\/wp-json\/wp\/v2\/product_tag?post=6501"}],"curies":[{"name":"wp","href":"https:\/\/api.w.org\/{rel}","templated":true}]}}